{"id":60,"date":"2025-08-05T10:34:34","date_gmt":"2025-08-05T08:34:34","guid":{"rendered":"https:\/\/rhtandem.com\/?page_id=60"},"modified":"2025-08-08T12:29:36","modified_gmt":"2025-08-08T10:29:36","slug":"aviso-legal","status":"publish","type":"page","link":"https:\/\/rhtandem.com\/ca\/aviso-legal\/","title":{"rendered":"Aviso legal"},"content":{"rendered":"\t\t<div data-elementor-type=\"wp-page\" data-elementor-id=\"60\" class=\"elementor elementor-60\" data-elementor-post-type=\"page\">\n\t\t\t\t<div class=\"elementor-element elementor-element-732720e e-con-full e-flex e-con e-parent\" data-id=\"732720e\" data-element_type=\"container\">\n\t\t\t\t<div class=\"elementor-element elementor-element-d94a733 elementor-widget elementor-widget-text-editor\" data-id=\"d94a733\" data-element_type=\"widget\" data-widget_type=\"text-editor.default\">\n\t\t\t\t\t\t\t\t\t<p><span style=\"font-weight: 400;\">En compliment de la Llei 34\/2002, de 11 de juliol, de Serveis de la Societat de la Informaci\u00f3 i Comer\u00e7 Electr\u00f2nic (LSSI\u2011CE), aquest lloc web \u00e9s titularitat de Tandem Recursos Humans, S.L., amb NIF B43738913, i domicili social ubicat a Pg. Miseric\u00f2rdia, 24\u201125 loc 4, Salou, Catalunya, Espanya. Per a qualsevol consulta, pot contactar amb nosaltres a trav\u00e9s del correu electr\u00f2nic: <\/span><span style=\"font-weight: 400;\"><a href=\"mailto:info@rhtandem.com\"><u>info@rhtandem.com<\/u><\/a><\/span><span style=\"font-weight: 400;\">.<\/span><\/p>\n<p><b>Condicions d\u2019\u00fas<\/b><\/p>\n<p><span style=\"font-weight: 400;\">L\u2019acc\u00e9s, navegaci\u00f3 i \u00fas d\u2019aquest lloc web implican l\u2019acceptaci\u00f3 expressa de les presents condicions legals. L\u2019usuari s\u2019obliga a fer-ne un \u00fas conforme a la llei, la moral, la bona fe i l\u2019ordre p\u00fablic, i eximeix Tandem Recursos Humans, S.L. de responsabilitat per un \u00fas indegut que pugui donar lloc a danys o prejudicis.<\/span><\/p>\n<p><b>Propietat intel\u00b7lectual i industrial<\/b><\/p>\n<p><span style=\"font-weight: 400;\">Els continguts, marques, logotips, dissenys, codis, imatges, i altres signes que apareixen en aquesta web s\u00f3n titularitat de Tandem Recursos Humans, S.L., o b\u00e9 de tercers que han autoritzat el seu \u00fas expressament.<\/span><\/p>\n<p><b>Responsabilitat<\/b><\/p>\n<p><span style=\"font-weight: 400;\">Tandem Recursos Humans, S.L. no es fa responsable de danys o perjudicis derivats de l\u2019acc\u00e9s, el funcionament o interpretaci\u00f3 de la informaci\u00f3 publicada, llevat que es demostri neglig\u00e8ncia per part de la nostra empresa.<\/span><\/p>\n<p><b>Modificacions i durada<\/b><\/p>\n<p><span style=\"font-weight: 400;\">Ens reservem el dret de modificar unilateralment qualsevol contingut, condici\u00f3 o pol\u00edtica de la web en qualsevol moment i sense previ av\u00eds. Aquest Av\u00eds Legal romandr\u00e0 accessible mentre puguis accedir al web.<\/span><\/p>\t\t\t\t\t\t\t\t<\/div>\n\t\t\t\t<\/div>\n\t\t\t\t<\/div>\n\t\t","protected":false},"excerpt":{"rendered":"<p>En compliment de la Llei 34\/2002, de 11 de juliol, de Serveis de la Societat de la Informaci\u00f3 i Comer\u00e7 Electr\u00f2nic (LSSI\u2011CE), aquest lloc web \u00e9s titularitat de Tandem Recursos Humans, S.L., amb NIF B43738913, i domicili social ubicat a Pg. Miseric\u00f2rdia, 24\u201125 loc 4, Salou, Catalunya, Espanya. Per a qualsevol consulta, pot contactar amb [&hellip;]<\/p>\n","protected":false},"author":1,"featured_media":0,"parent":0,"menu_order":0,"comment_status":"closed","ping_status":"closed","template":"","meta":{"inline_featured_image":false,"footnotes":""},"class_list":["post-60","page","type-page","status-publish","hentry"],"_links":{"self":[{"href":"https:\/\/rhtandem.com\/ca\/wp-json\/wp\/v2\/pages\/60","targetHints":{"allow":["GET"]}}],"collection":[{"href":"https:\/\/rhtandem.com\/ca\/wp-json\/wp\/v2\/pages"}],"about":[{"href":"https:\/\/rhtandem.com\/ca\/wp-json\/wp\/v2\/types\/page"}],"author":[{"embeddable":true,"href":"https:\/\/rhtandem.com\/ca\/wp-json\/wp\/v2\/users\/1"}],"replies":[{"embeddable":true,"href":"https:\/\/rhtandem.com\/ca\/wp-json\/wp\/v2\/comments?post=60"}],"version-history":[{"count":5,"href":"https:\/\/rhtandem.com\/ca\/wp-json\/wp\/v2\/pages\/60\/revisions"}],"predecessor-version":[{"id":745,"href":"https:\/\/rhtandem.com\/ca\/wp-json\/wp\/v2\/pages\/60\/revisions\/745"}],"wp:attachment":[{"href":"https:\/\/rhtandem.com\/ca\/wp-json\/wp\/v2\/media?parent=60"}],"curies":[{"name":"wp","href":"https:\/\/api.w.org\/{rel}","templated":true}]}}